


{"id":2,"date":"2020-06-01T03:50:09","date_gmt":"2020-06-01T03:50:09","guid":{"rendered":"http:\/\/www.alugza.de\/?page_id=2"},"modified":"2023-06-14T11:53:24","modified_gmt":"2023-06-14T08:53:24","slug":"home","status":"publish","type":"page","link":"https:\/\/www.alugza.de\/en\/","title":{"rendered":"Home"},"content":{"rendered":"<div class=\"vc_row wpb_row vc_custom_1686584131457 vc_row-has-fill porto-inner-container\"><div class=\"porto-wrap-container container\"><div class=\"row\"><div class=\"custom-select-slide active py-5 vc_column_container col-md-12 col-lg-4\"><div class=\"wpb_wrapper vc_column-inner\">\n\t<div class=\"wpb_single_image wpb_content_element vc_align_center\"data-appear-animation=\"bounceInDown\">\n\t\t<div class=\"wpb_wrapper\">\n\t\t\t\n\t\t\t<div class=\"vc_single_image-wrapper   vc_box_border_grey\"><img loading=\"lazy\" decoding=\"async\" width=\"150\" height=\"150\" src=\"https:\/\/www.alugza.de\/wp-content\/uploads\/2023\/06\/3.png\" class=\"vc_single_image-img attachment-full\" alt=\"\" \/><\/div>\n\t\t<\/div>\n\t<\/div>\n<h4 style=\"font-size: 1.3125rem;text-align: center\" data-appear-animation=\"bounceInDown\" class=\"vc_custom_heading mt-lg-2\"><a href=\"https:\/\/www.alugza.de\/en\/gewerbebau\/\" title=\"Rooftop Solar Mounting Systems\">Rooltop Solar Mounting Systems<\/a><\/h4><\/div><\/div><div class=\"custom-select-slide pt-lg-5 pb-5 vc_column_container col-md-12 col-lg-4\"><div class=\"wpb_wrapper vc_column-inner\">\n\t<div class=\"wpb_single_image wpb_content_element vc_align_center\"data-appear-animation=\"bounceInDown\" data-appear-animation-delay=\"1000\">\n\t\t<div class=\"wpb_wrapper\">\n\t\t\t\n\t\t\t<div class=\"vc_single_image-wrapper   vc_box_border_grey\"><img loading=\"lazy\" decoding=\"async\" width=\"150\" height=\"150\" src=\"https:\/\/www.alugza.de\/wp-content\/uploads\/2023\/06\/4-removebg-preview.webp\" class=\"vc_single_image-img attachment-full\" alt=\"\" \/><\/div>\n\t\t<\/div>\n\t<\/div>\n<h4 style=\"font-size: 1.3125rem;text-align: center\" data-appear-animation=\"bounceInDown\" data-appear-animation-delay=\"1000\" class=\"vc_custom_heading mt-lg-2\"><a href=\"https:\/\/www.alugza.de\/en\/carport-solar-montagesysteme\/\" title=\"Carport Solar Mounting Systems\">Carport Solar Mounting Systems<\/a><\/h4><\/div><\/div><div class=\"custom-select-slide pt-lg-5 pb-5 vc_column_container col-md-12 col-lg-4\"><div class=\"wpb_wrapper vc_column-inner\">\n\t<div class=\"wpb_single_image wpb_content_element vc_align_center\"data-appear-animation=\"bounceInDown\" data-appear-animation-delay=\"2000\">\n\t\t<div class=\"wpb_wrapper\">\n\t\t\t\n\t\t\t<div class=\"vc_single_image-wrapper   vc_box_border_grey\"><img loading=\"lazy\" decoding=\"async\" width=\"150\" height=\"150\" src=\"https:\/\/www.alugza.de\/wp-content\/uploads\/2023\/06\/Almanca__1_-removebg-preview.webp\" class=\"vc_single_image-img attachment-full\" alt=\"\" \/><\/div>\n\t\t<\/div>\n\t<\/div>\n<h4 style=\"font-size: 1.3125rem;text-align: center\" data-appear-animation=\"bounceInDown\" data-appear-animation-delay=\"2000\" class=\"vc_custom_heading mt-lg-2\"><a href=\"https:\/\/www.alugza.de\/en\/solar-boden-motage-systeme\/\" title=\"Ground Mounting Sytem\">Ground Mounting Sytem<\/a><\/h4><\/div><\/div><\/div><\/div><\/div><div class=\"vc_row wpb_row py-3 vc_custom_1686584186245 text-center vc_row-has-fill porto-inner-container\"><div class=\"porto-wrap-container container\"><div class=\"row align-items-center\"><div class=\"vc_column_container col-md-12\"><div class=\"wpb_wrapper vc_column-inner\"><h2 style=\"color: #ffffff;text-align: center;font-family:Abel;font-weight:400;font-style:normal\" class=\"vc_custom_heading d-inline-block px-4 py-2 mb-0\">Customer Inquiry Form !<\/h2><div class=\"vc_btn3-container  d-inline-block mb-0 mx-2 py-2 vc_btn3-inline\" >\n\t<a class=\"vc_btn3 vc_btn3-shape-default btn btn-borders btn-lg btn-light\" href=\"https:\/\/www.alugza.de\/en\/customer-requirement-form\/\" title=\"Customer Requirement Form\">Form<\/a>\t<\/div>\n<\/div><\/div><\/div><\/div><\/div><div class=\"vc_row wpb_row vc_custom_1686584031383 section section-default mt-0 mb-0 section-no-borders vc_row-has-fill porto-inner-container\"><div class=\"porto-wrap-container container\"><div class=\"row align-items-center\"><div class=\"mb-md-5 mb-xl-4 pb-xl-5 vc_column_container col-md-8 col-xl-6\"><div class=\"wpb_wrapper vc_column-inner\">\n\t<div class=\"wpb_single_image wpb_content_element vc_align_center\"data-appear-animation=\"fadeInUpBig\" data-appear-animation-delay=\"1000\">\n\t\t<div class=\"wpb_wrapper\">\n\t\t\t\n\t\t\t<div class=\"vc_single_image-wrapper   vc_box_border_grey\"><img loading=\"lazy\" decoding=\"async\" width=\"1080\" height=\"1080\" src=\"https:\/\/www.alugza.de\/wp-content\/uploads\/2023\/06\/anasayfa1.webp\" class=\"vc_single_image-img attachment-full\" alt=\"\" srcset=\"https:\/\/www.alugza.de\/wp-content\/uploads\/2023\/06\/anasayfa1.webp 1080w, https:\/\/www.alugza.de\/wp-content\/uploads\/2023\/06\/anasayfa1-1024x1024.webp 1024w, https:\/\/www.alugza.de\/wp-content\/uploads\/2023\/06\/anasayfa1-768x768.webp 768w, https:\/\/www.alugza.de\/wp-content\/uploads\/2023\/06\/anasayfa1-640x640.webp 640w, https:\/\/www.alugza.de\/wp-content\/uploads\/2023\/06\/anasayfa1-400x400.webp 400w\" sizes=\"auto, (max-width: 1080px) 100vw, 1080px\" \/><\/div>\n\t\t<\/div>\n\t<\/div>\n<\/div><\/div><div class=\"pl-md-4 pl-xl-5 py-lg-5 pt-xl-0 vc_column_container col-md-12 col-xl-6\"><div class=\"wpb_wrapper vc_column-inner\"><h2 style=\"font-size: 39px;line-height: 1;text-align: center\" data-appear-animation=\"bounceInRight\" class=\"vc_custom_heading mb-2 vc_custom_1686610918898\">ABOUT US<\/h2><div class=\"porto-separator\"><hr class=\"separator-line  align_center\" style=\"background-image: -webkit-linear-gradient(left, transparent, grey, transparent); background-image: linear-gradient(to right, transparent, grey, transparent);width:20%;\"><\/div><p style=\"font-size: 18px;text-align: center\" data-appear-animation=\"bounceInRight\" class=\"vc_custom_heading mb-3\">ALUGZA ALUMINUM INDUSTRY AND TRADING GmbH manufactures aluminium profiles and other parts used in aluminium solar systems in various sizes and designs and sells and trades them to other countries, especially Germany.<br \/>\nOur company has been active in engineering, procurement and contracting for more than 10 years. It designs solar energy rooftop, car park and land projects for residential, commercial and industrial clients and carries out application activities on site. Solar energy products developed by the company's expert engineers are used in large quantities in other European countries, particularly Germany.<\/p><p style=\"font-size: 18px;text-align: center;font-weight:700\" data-appear-animation=\"bounceInRight\" class=\"vc_custom_heading mb-3 heading-primary\"><a href=\"https:\/\/www.alugza.de\/en\/about-us\/\" title=\"About Us\">Read More+<\/a><\/p><\/div><\/div><\/div><\/div><\/div>","protected":false},"excerpt":{"rendered":"Solarmontagesysteme Auf Dem Dach Carport Solar Montagesysteme Solar Boden Montage SystemeKundenanfrageformular ! Form \u00dcBER UNSALUGZA ALUMINUM INDUSTRY AND TRADING GmbH stellt Aluminiumprofile und andere Teile, die in Aluminium-Solarsystemen verwendet werden, in verschiedenen Gro\u00dfen und Ausf\u00fchrungen her und verkauft und handelt mit ihnen in andere L\u00e4nder, insbesondere nach Deutschland. Unser Unternehmen ist seit mehr als 10 [...]","protected":false},"author":1,"featured_media":0,"parent":0,"menu_order":0,"comment_status":"closed","ping_status":"closed","template":"","meta":{"footnotes":""},"class_list":["post-2","page","type-page","status-publish","hentry"],"_links":{"self":[{"href":"https:\/\/www.alugza.de\/en\/wp-json\/wp\/v2\/pages\/2","targetHints":{"allow":["GET"]}}],"collection":[{"href":"https:\/\/www.alugza.de\/en\/wp-json\/wp\/v2\/pages"}],"about":[{"href":"https:\/\/www.alugza.de\/en\/wp-json\/wp\/v2\/types\/page"}],"author":[{"embeddable":true,"href":"https:\/\/www.alugza.de\/en\/wp-json\/wp\/v2\/users\/1"}],"replies":[{"embeddable":true,"href":"https:\/\/www.alugza.de\/en\/wp-json\/wp\/v2\/comments?post=2"}],"version-history":[{"count":32,"href":"https:\/\/www.alugza.de\/en\/wp-json\/wp\/v2\/pages\/2\/revisions"}],"predecessor-version":[{"id":653,"href":"https:\/\/www.alugza.de\/en\/wp-json\/wp\/v2\/pages\/2\/revisions\/653"}],"wp:attachment":[{"href":"https:\/\/www.alugza.de\/en\/wp-json\/wp\/v2\/media?parent=2"}],"curies":[{"name":"wp","href":"https:\/\/api.w.org\/{rel}","templated":true}]}}