


{"id":37,"date":"2020-06-01T08:12:53","date_gmt":"2020-06-01T08:12:53","guid":{"rendered":"http:\/\/sw-themes.com\/porto_dummy\/?page_id=37"},"modified":"2023-06-13T00:55:32","modified_gmt":"2023-06-12T21:55:32","slug":"about-us","status":"publish","type":"page","link":"https:\/\/www.alugza.de\/en\/about-us\/","title":{"rendered":"About Us"},"content":{"rendered":"<div class=\"vc_row wpb_row mt-2 section section-parallax mt-0 mb-0 section-no-borders porto-inner-container\"><div class=\"porto-wrap-container container\"><div class=\"row\"><div class=\"vc_column_container col-md-12\"><div class=\"wpb_wrapper vc_column-inner\"><h3 style=\"text-align: center;font-family:ABeeZee;font-weight:400;font-style:normal\" data-appear-animation=\"zoomIn\" class=\"vc_custom_heading\">\" A Professional Trader And Manufacturer Of Solar Aluminum Mounting Products \"<\/h3><div class=\"porto-separator\"><hr class=\"separator-line  align_center\" style=\"background-image: -webkit-linear-gradient(left, transparent, grey, transparent); background-image: linear-gradient(to right, transparent, grey, transparent);width:80%;\"><\/div><p style=\"font-size: 1.2em;text-align: center\" data-appear-animation=\"bounceInUp\" class=\"vc_custom_heading vc_custom_1686606128484\">ALUGZA ALUMINUM INDUSTRY AND TRADING GmbH manufactures aluminium profiles and other parts used in aluminium solar systems in various sizes and designs and sells and trades them to other countries, especially Germany.<\/p><p style=\"font-size: 1.2em;text-align: center\" data-appear-animation=\"bounceInUp\" class=\"vc_custom_heading\">Our company has been active in engineering, procurement and contracting for more than 10 years. It designs solar energy rooftop, car park and land projects for residential, commercial and industrial clients and carries out application activities on site. Solar energy products developed by the company's expert engineers are used in large quantities in other European countries, particularly Germany.<\/p><p style=\"font-size: 1.2em;text-align: center\" data-appear-animation=\"bounceInUp\" class=\"vc_custom_heading\">The company has created a privilege with high material quality and 25 years warranty on its products. ALUGZA GmbH has extrusion capacities, anodising and powder coating capacities, mechanical workshops and quality laboratories in production facilities outside Germany.<\/p><p style=\"font-size: 1.2em;text-align: center\" data-appear-animation=\"bounceInUp\" class=\"vc_custom_heading\">ALUGZA has more than 100 full-time employees.<\/p><\/div><\/div><\/div><\/div><\/div><div class=\"vc_row wpb_row vc_custom_1686341590071 section section-primary mt-0 mb-0 section-no-borders porto-inner-container\"><div class=\"porto-wrap-container container\"><div class=\"row\"><div class=\"vc_column_container col-md-4\"><div class=\"wpb_wrapper vc_column-inner\">\n\t<div class=\"wpb_single_image wpb_content_element vc_align_center   my-3\"data-appear-animation=\"fadeIn\" data-appear-animation-delay=\"200\">\n\t\t<div class=\"wpb_wrapper\">\n\t\t\t\n\t\t\t<a class=\"porto-vc-zoom\" data-gallery=\"true\" data-title=\"\" href=\"https:\/\/www.alugza.de\/wp-content\/uploads\/2023\/06\/Ground-Mounting-System3.webp\" target=\"_self\"><div class=\"vc_single_image-wrapper vc_box_border  vc_box_border_grey\"><img loading=\"lazy\" decoding=\"async\" width=\"400\" height=\"600\" src=\"https:\/\/www.alugza.de\/wp-content\/uploads\/2023\/06\/Ground-Mounting-System3.webp\" class=\"vc_single_image-img attachment-full\" alt=\"\" srcset=\"https:\/\/www.alugza.de\/wp-content\/uploads\/2023\/06\/Ground-Mounting-System3.webp 400w, https:\/\/www.alugza.de\/wp-content\/uploads\/2023\/06\/Ground-Mounting-System3-367x551.webp 367w\" sizes=\"auto, (max-width: 400px) 100vw, 400px\" \/><\/div><\/a>\n\t\t<\/div>\n\t<\/div>\n<\/div><\/div><div class=\"vc_column_container col-md-4\"><div class=\"wpb_wrapper vc_column-inner\">\n\t<div class=\"wpb_single_image wpb_content_element vc_align_center   my-3\"data-appear-animation=\"fadeIn\" data-appear-animation-delay=\"500\">\n\t\t<div class=\"wpb_wrapper\">\n\t\t\t\n\t\t\t<a class=\"porto-vc-zoom\" data-gallery=\"true\" data-title=\"\" href=\"https:\/\/www.alugza.de\/wp-content\/uploads\/2023\/06\/Ground-Mounting-System2.webp\" target=\"_self\"><div class=\"vc_single_image-wrapper vc_box_border  vc_box_border_grey\"><img loading=\"lazy\" decoding=\"async\" width=\"400\" height=\"600\" src=\"https:\/\/www.alugza.de\/wp-content\/uploads\/2023\/06\/Ground-Mounting-System2.webp\" class=\"vc_single_image-img attachment-full\" alt=\"\" srcset=\"https:\/\/www.alugza.de\/wp-content\/uploads\/2023\/06\/Ground-Mounting-System2.webp 400w, https:\/\/www.alugza.de\/wp-content\/uploads\/2023\/06\/Ground-Mounting-System2-367x551.webp 367w\" sizes=\"auto, (max-width: 400px) 100vw, 400px\" \/><\/div><\/a>\n\t\t<\/div>\n\t<\/div>\n<\/div><\/div><div class=\"vc_column_container col-md-4\"><div class=\"wpb_wrapper vc_column-inner\">\n\t<div class=\"wpb_single_image wpb_content_element vc_align_center   my-3\"data-appear-animation=\"fadeIn\" data-appear-animation-delay=\"800\">\n\t\t<div class=\"wpb_wrapper\">\n\t\t\t\n\t\t\t<a class=\"porto-vc-zoom\" data-gallery=\"true\" data-title=\"\" href=\"https:\/\/www.alugza.de\/wp-content\/uploads\/2023\/06\/Ground-Mounting-System1.webp\" target=\"_self\"><div class=\"vc_single_image-wrapper vc_box_border  vc_box_border_grey\"><img loading=\"lazy\" decoding=\"async\" width=\"400\" height=\"600\" src=\"https:\/\/www.alugza.de\/wp-content\/uploads\/2023\/06\/Ground-Mounting-System1.webp\" class=\"vc_single_image-img attachment-full\" alt=\"\" srcset=\"https:\/\/www.alugza.de\/wp-content\/uploads\/2023\/06\/Ground-Mounting-System1.webp 400w, https:\/\/www.alugza.de\/wp-content\/uploads\/2023\/06\/Ground-Mounting-System1-367x551.webp 367w\" sizes=\"auto, (max-width: 400px) 100vw, 400px\" \/><\/div><\/a>\n\t\t<\/div>\n\t<\/div>\n<\/div><\/div><\/div><\/div><\/div>","protected":false},"excerpt":{"rendered":"\" Ein Professioneller H\u00e4ndler und Hersteller Von Solar-Aluminium-Montageprodukten \"ALUGZA ALUMINUM INDUSTRY AND TRADING GmbH stellt Aluminiumprofile und andere Teile, die in Aluminium-Solarsystemen verwendet werden, in verschiedenen Gro\u00dfen und Ausf\u00fchrungen her und verkauft und handelt mit ihnen in andere L\u00e4nder, insbesondere nach Deutschland.Unser Unternehmen ist seit mehr als 10 Jahren in den Bereichen Engineering, Procurement und [...]","protected":false},"author":1,"featured_media":0,"parent":0,"menu_order":0,"comment_status":"closed","ping_status":"closed","template":"","meta":{"footnotes":""},"class_list":["post-37","page","type-page","status-publish","hentry"],"_links":{"self":[{"href":"https:\/\/www.alugza.de\/en\/wp-json\/wp\/v2\/pages\/37","targetHints":{"allow":["GET"]}}],"collection":[{"href":"https:\/\/www.alugza.de\/en\/wp-json\/wp\/v2\/pages"}],"about":[{"href":"https:\/\/www.alugza.de\/en\/wp-json\/wp\/v2\/types\/page"}],"author":[{"embeddable":true,"href":"https:\/\/www.alugza.de\/en\/wp-json\/wp\/v2\/users\/1"}],"replies":[{"embeddable":true,"href":"https:\/\/www.alugza.de\/en\/wp-json\/wp\/v2\/comments?post=37"}],"version-history":[{"count":7,"href":"https:\/\/www.alugza.de\/en\/wp-json\/wp\/v2\/pages\/37\/revisions"}],"predecessor-version":[{"id":578,"href":"https:\/\/www.alugza.de\/en\/wp-json\/wp\/v2\/pages\/37\/revisions\/578"}],"wp:attachment":[{"href":"https:\/\/www.alugza.de\/en\/wp-json\/wp\/v2\/media?parent=37"}],"curies":[{"name":"wp","href":"https:\/\/api.w.org\/{rel}","templated":true}]}}