


{"id":384,"date":"2023-06-09T23:00:50","date_gmt":"2023-06-09T20:00:50","guid":{"rendered":"http:\/\/www.alugza.de\/?page_id=384"},"modified":"2023-06-13T01:07:47","modified_gmt":"2023-06-12T22:07:47","slug":"produkte","status":"publish","type":"page","link":"https:\/\/www.alugza.de\/en\/produkte\/","title":{"rendered":"Products"},"content":{"rendered":"<section class=\"vc_section vc_custom_1686340044541\"><div class=\"vc_row wpb_row row\"><div class=\"vc_column_container col-md-6\"><div class=\"wpb_wrapper vc_column-inner\"><h3 style=\"text-align: center\" data-appear-animation=\"bounceIn\" class=\"vc_custom_heading\">ALUMINUM CLAMPS<\/h3><p style=\"font-size: 18px;text-align: center\" class=\"vc_custom_heading\">These are aluminum middle and end clamps used between two solar panels in solar rooftop and land installations. The clamps are suitable for roof and land solar constructions. A range of clamps of different sizes are produced to supply the needs of customer\u2019s solar panel projects. Aluminum clamps can be manufactured to the required dimensions.<\/p><p style=\"font-size: 18px;text-align: center\" class=\"vc_custom_heading\">The products that are assembled using a single clamp and other parts such as bolts, nuts and feet. Our aluminum clamps can also be equipped with a grounding function. Our products have unique grounded designs and anodized models.<\/p><\/div><\/div><div class=\"vc_column_container col-md-6\"><div class=\"wpb_wrapper vc_column-inner\">\n\t<div class=\"wpb_single_image wpb_content_element vc_align_center\"data-appear-animation=\"bounceInRight\">\n\t\t<div class=\"wpb_wrapper\">\n\t\t\t\n\t\t\t<div class=\"vc_single_image-wrapper vc_box_border  vc_box_border_grey\"><img loading=\"lazy\" decoding=\"async\" width=\"1024\" height=\"663\" src=\"https:\/\/www.alugza.de\/wp-content\/uploads\/2023\/06\/r3.webp\" class=\"vc_single_image-img attachment-full\" alt=\"\" srcset=\"https:\/\/www.alugza.de\/wp-content\/uploads\/2023\/06\/r3.webp 1024w, https:\/\/www.alugza.de\/wp-content\/uploads\/2023\/06\/r3-768x497.webp 768w, https:\/\/www.alugza.de\/wp-content\/uploads\/2023\/06\/r3-640x414.webp 640w, https:\/\/www.alugza.de\/wp-content\/uploads\/2023\/06\/r3-400x259.webp 400w, https:\/\/www.alugza.de\/wp-content\/uploads\/2023\/06\/r3-367x238.webp 367w\" sizes=\"auto, (max-width: 1024px) 100vw, 1024px\" \/><\/div>\n\t\t<\/div>\n\t<\/div>\n<\/div><\/div><\/div><\/section><section class=\"vc_section vc_custom_1686340582047\"><div class=\"vc_row wpb_row row\"><div class=\"vc_column_container col-md-6\"><div class=\"wpb_wrapper vc_column-inner\"><div class=\"vc_empty_space\"   style=\"height: 50px\"><span class=\"vc_empty_space_inner\"><\/span><\/div>\n\t<div class=\"wpb_single_image wpb_content_element vc_align_center\"data-appear-animation=\"bounceInLeft\">\n\t\t<div class=\"wpb_wrapper\">\n\t\t\t\n\t\t\t<div class=\"vc_single_image-wrapper vc_box_border  vc_box_border_grey\"><img loading=\"lazy\" decoding=\"async\" width=\"1024\" height=\"663\" src=\"https:\/\/www.alugza.de\/wp-content\/uploads\/2023\/06\/r4.webp\" class=\"vc_single_image-img attachment-full\" alt=\"\" srcset=\"https:\/\/www.alugza.de\/wp-content\/uploads\/2023\/06\/r4.webp 1024w, https:\/\/www.alugza.de\/wp-content\/uploads\/2023\/06\/r4-768x497.webp 768w, https:\/\/www.alugza.de\/wp-content\/uploads\/2023\/06\/r4-640x414.webp 640w, https:\/\/www.alugza.de\/wp-content\/uploads\/2023\/06\/r4-400x259.webp 400w, https:\/\/www.alugza.de\/wp-content\/uploads\/2023\/06\/r4-367x238.webp 367w\" sizes=\"auto, (max-width: 1024px) 100vw, 1024px\" \/><\/div>\n\t\t<\/div>\n\t<\/div>\n<\/div><\/div><div class=\"vc_column_container col-md-6\"><div class=\"wpb_wrapper vc_column-inner\"><h3 style=\"text-align: center\" data-appear-animation=\"bounceInRight\" class=\"vc_custom_heading\">ALUMINUM PROFILES<\/h3><p style=\"font-size: 18px;text-align: center\" class=\"vc_custom_heading\">The aluminum profiles we produce for solar mounting systems are available in a wide variety of sizes. It offers quick and easy installation and low assembly costs. With our shape optimizer, we design aluminum profiles so that they use the optimal number of materials.<\/p><p style=\"font-size: 18px;text-align: center\" class=\"vc_custom_heading\">- It is guaranteed for 25 years and is lightweight, so it reduces stress on roofs and other surfaces.<\/p><p style=\"font-size: 18px;text-align: center\" class=\"vc_custom_heading\">- Provides corrosion resistance, less maintenance and longer component life.<\/p><p style=\"font-size: 18px;text-align: center\" class=\"vc_custom_heading\">- Our products are made with surface treatments of various colors such as anodizing or powder coating.<\/p><p style=\"font-size: 18px;text-align: center\" class=\"vc_custom_heading\">ALUGZA's solar energy expert team supports you throughout the process, from project design and feasibility studies to eco-design, technical issues and implementation.<\/p><\/div><\/div><\/div><\/section>","protected":false},"excerpt":{"rendered":"CLAMP ALU MODULEDabei handelt es sich um Mittel- und Endbefestigungen aus Aluminium, die zwischen zwei Solarmodulen bei Solardach- und Grundst\u00fccksinstallationen verwendet werden. Die Klemmen bestehen aus Aluminiummaterial. Unsere Produkte eignen sich f\u00fcr die Dach- und Bodenmontage von Solarmodulen. In den Produktionsst\u00e4tten unseres Unternehmens werden eine Reihe von Befestigungselementen in unterschiedlichen Gro\u00dfen hergestellt, um den Anforderungen [...]","protected":false},"author":1,"featured_media":0,"parent":0,"menu_order":0,"comment_status":"closed","ping_status":"closed","template":"","meta":{"footnotes":""},"class_list":["post-384","page","type-page","status-publish","hentry"],"_links":{"self":[{"href":"https:\/\/www.alugza.de\/en\/wp-json\/wp\/v2\/pages\/384","targetHints":{"allow":["GET"]}}],"collection":[{"href":"https:\/\/www.alugza.de\/en\/wp-json\/wp\/v2\/pages"}],"about":[{"href":"https:\/\/www.alugza.de\/en\/wp-json\/wp\/v2\/types\/page"}],"author":[{"embeddable":true,"href":"https:\/\/www.alugza.de\/en\/wp-json\/wp\/v2\/users\/1"}],"replies":[{"embeddable":true,"href":"https:\/\/www.alugza.de\/en\/wp-json\/wp\/v2\/comments?post=384"}],"version-history":[{"count":13,"href":"https:\/\/www.alugza.de\/en\/wp-json\/wp\/v2\/pages\/384\/revisions"}],"predecessor-version":[{"id":586,"href":"https:\/\/www.alugza.de\/en\/wp-json\/wp\/v2\/pages\/384\/revisions\/586"}],"wp:attachment":[{"href":"https:\/\/www.alugza.de\/en\/wp-json\/wp\/v2\/media?parent=384"}],"curies":[{"name":"wp","href":"https:\/\/api.w.org\/{rel}","templated":true}]}}