


{"id":459,"date":"2023-06-10T19:17:21","date_gmt":"2023-06-10T16:17:21","guid":{"rendered":"https:\/\/www.alugza.de\/?page_id=459"},"modified":"2023-06-14T11:19:39","modified_gmt":"2023-06-14T08:19:39","slug":"gewerbebau","status":"publish","type":"page","link":"https:\/\/www.alugza.de\/en\/gewerbebau\/","title":{"rendered":"Rooltop Solar Mounting Systems"},"content":{"rendered":"<section class=\"vc_section\"><div class=\"vc_row wpb_row row\"><div class=\"vc_column_container col-md-12\"><div class=\"wpb_wrapper vc_column-inner\"><h2 style=\"text-align: center;font-family:Abel;font-weight:400;font-style:normal\" class=\"vc_custom_heading\">\u201cYour Solar Roof Saves Your Electricity Bills \"<\/h2><div class=\"porto-separator\"><hr class=\"separator-line  align_center\" style=\"background-image: -webkit-linear-gradient(left, transparent, grey, transparent); background-image: linear-gradient(to right, transparent, grey, transparent);width:60%;\"><\/div><\/div><\/div><\/div><div class=\"vc_row wpb_row row\"><div class=\"vc_column_container col-md-12\"><div class=\"wpb_wrapper vc_column-inner\"><p style=\"font-size: 18px;text-align: center\" class=\"vc_custom_heading\">ALUGZA designs the solar roof project that enables the most efficient power generation on the roof and other usable roof space of industrial and commercial establishments. Determines the customer's energy consumption. Our projects are designed in accordance with the climatic conditions of the location of the facility. The highest power generation amount of the rooftop project is calculated. The electrical and construction projects of the solar roof is created by the optimized materials. The list of required  materials is drawn up.<\/p><h5 style=\"font-size: 18px;color: #dd3333;text-align: center\" class=\"vc_custom_heading\">The energy model required to sell the amount of electricity to be generated from the roof to the electricity distribution or transmission grid and\/or to charge for the electricity is presented to the customer.<\/h5><\/div><\/div><\/div><\/section><div class=\"vc_row wpb_row row vc_custom_1686436528016\"><div class=\"vc_column_container col-md-4\"><div class=\"wpb_wrapper vc_column-inner\">\n\t<div class=\"wpb_single_image wpb_content_element vc_align_center\"data-appear-animation=\"bounceInLeft\">\n\t\t<div class=\"wpb_wrapper\">\n\t\t\t\n\t\t\t<div class=\"vc_single_image-wrapper vc_box_border  vc_box_border_grey\"><img loading=\"lazy\" decoding=\"async\" width=\"2000\" height=\"1600\" src=\"https:\/\/www.alugza.de\/wp-content\/uploads\/2023\/06\/housesolar1.webp\" class=\"vc_single_image-img attachment-full\" alt=\"\" srcset=\"https:\/\/www.alugza.de\/wp-content\/uploads\/2023\/06\/housesolar1.webp 2000w, https:\/\/www.alugza.de\/wp-content\/uploads\/2023\/06\/housesolar1-1024x819.webp 1024w, https:\/\/www.alugza.de\/wp-content\/uploads\/2023\/06\/housesolar1-768x614.webp 768w, https:\/\/www.alugza.de\/wp-content\/uploads\/2023\/06\/housesolar1-1536x1229.webp 1536w, https:\/\/www.alugza.de\/wp-content\/uploads\/2023\/06\/housesolar1-640x512.webp 640w, https:\/\/www.alugza.de\/wp-content\/uploads\/2023\/06\/housesolar1-400x320.webp 400w, https:\/\/www.alugza.de\/wp-content\/uploads\/2023\/06\/housesolar1-367x294.webp 367w\" sizes=\"auto, (max-width: 2000px) 100vw, 2000px\" \/><\/div>\n\t\t<\/div>\n\t<\/div>\n<\/div><\/div><div class=\"vc_column_container col-md-4\"><div class=\"wpb_wrapper vc_column-inner\">\n\t<div class=\"wpb_single_image wpb_content_element vc_align_center\"data-appear-animation=\"bounceInLeft\" data-appear-animation-delay=\"1000\">\n\t\t<div class=\"wpb_wrapper\">\n\t\t\t\n\t\t\t<div class=\"vc_single_image-wrapper vc_box_border  vc_box_border_grey\"><img loading=\"lazy\" decoding=\"async\" width=\"2000\" height=\"1600\" src=\"https:\/\/www.alugza.de\/wp-content\/uploads\/2023\/06\/housesolar2.webp\" class=\"vc_single_image-img attachment-full\" alt=\"\" srcset=\"https:\/\/www.alugza.de\/wp-content\/uploads\/2023\/06\/housesolar2.webp 2000w, https:\/\/www.alugza.de\/wp-content\/uploads\/2023\/06\/housesolar2-1024x819.webp 1024w, https:\/\/www.alugza.de\/wp-content\/uploads\/2023\/06\/housesolar2-768x614.webp 768w, https:\/\/www.alugza.de\/wp-content\/uploads\/2023\/06\/housesolar2-1536x1229.webp 1536w, https:\/\/www.alugza.de\/wp-content\/uploads\/2023\/06\/housesolar2-640x512.webp 640w, https:\/\/www.alugza.de\/wp-content\/uploads\/2023\/06\/housesolar2-400x320.webp 400w, https:\/\/www.alugza.de\/wp-content\/uploads\/2023\/06\/housesolar2-367x294.webp 367w\" sizes=\"auto, (max-width: 2000px) 100vw, 2000px\" \/><\/div>\n\t\t<\/div>\n\t<\/div>\n<\/div><\/div><div class=\"vc_column_container col-md-4\"><div class=\"wpb_wrapper vc_column-inner\">\n\t<div class=\"wpb_single_image wpb_content_element vc_align_center\"data-appear-animation=\"bounceInLeft\" data-appear-animation-delay=\"2000\">\n\t\t<div class=\"wpb_wrapper\">\n\t\t\t\n\t\t\t<div class=\"vc_single_image-wrapper vc_box_border  vc_box_border_grey\"><img loading=\"lazy\" decoding=\"async\" width=\"2000\" height=\"1600\" src=\"https:\/\/www.alugza.de\/wp-content\/uploads\/2023\/06\/housesolar3.webp\" class=\"vc_single_image-img attachment-full\" alt=\"\" srcset=\"https:\/\/www.alugza.de\/wp-content\/uploads\/2023\/06\/housesolar3.webp 2000w, https:\/\/www.alugza.de\/wp-content\/uploads\/2023\/06\/housesolar3-1024x819.webp 1024w, https:\/\/www.alugza.de\/wp-content\/uploads\/2023\/06\/housesolar3-768x614.webp 768w, https:\/\/www.alugza.de\/wp-content\/uploads\/2023\/06\/housesolar3-1536x1229.webp 1536w, https:\/\/www.alugza.de\/wp-content\/uploads\/2023\/06\/housesolar3-640x512.webp 640w, https:\/\/www.alugza.de\/wp-content\/uploads\/2023\/06\/housesolar3-400x320.webp 400w, https:\/\/www.alugza.de\/wp-content\/uploads\/2023\/06\/housesolar3-367x294.webp 367w\" sizes=\"auto, (max-width: 2000px) 100vw, 2000px\" \/><\/div>\n\t\t<\/div>\n\t<\/div>\n<\/div><\/div><\/div>","protected":false},"excerpt":{"rendered":"\" Solarkraftwerk Auf Ihrem Dach Senkt Ihre Stromkosten \"ALUGZA entwirft das Solardachprojekt, das die effizienteste Stromerzeugung auf dem Dach und anderen nutzbaren Dachfl\u00e4chen von Industrie- und Gewerbebetrieben erm\u00f6glicht. Ermittelt den Energieverbrauch des Kunden. Die vorbereiteten Projekte werden in \u00dcbereinstimmung mit den klimatischen Bedingungen des Standorts der Einrichtung entworfen. Die h\u00f6chste Stromerzeugungsmenge des Dachprojekts wird berechnet. [...]","protected":false},"author":1,"featured_media":0,"parent":0,"menu_order":0,"comment_status":"closed","ping_status":"closed","template":"","meta":{"footnotes":""},"class_list":["post-459","page","type-page","status-publish","hentry"],"_links":{"self":[{"href":"https:\/\/www.alugza.de\/en\/wp-json\/wp\/v2\/pages\/459","targetHints":{"allow":["GET"]}}],"collection":[{"href":"https:\/\/www.alugza.de\/en\/wp-json\/wp\/v2\/pages"}],"about":[{"href":"https:\/\/www.alugza.de\/en\/wp-json\/wp\/v2\/types\/page"}],"author":[{"embeddable":true,"href":"https:\/\/www.alugza.de\/en\/wp-json\/wp\/v2\/users\/1"}],"replies":[{"embeddable":true,"href":"https:\/\/www.alugza.de\/en\/wp-json\/wp\/v2\/comments?post=459"}],"version-history":[{"count":24,"href":"https:\/\/www.alugza.de\/en\/wp-json\/wp\/v2\/pages\/459\/revisions"}],"predecessor-version":[{"id":640,"href":"https:\/\/www.alugza.de\/en\/wp-json\/wp\/v2\/pages\/459\/revisions\/640"}],"wp:attachment":[{"href":"https:\/\/www.alugza.de\/en\/wp-json\/wp\/v2\/media?parent=459"}],"curies":[{"name":"wp","href":"https:\/\/api.w.org\/{rel}","templated":true}]}}