


{"id":492,"date":"2023-06-10T19:39:37","date_gmt":"2023-06-10T16:39:37","guid":{"rendered":"https:\/\/www.alugza.de\/?page_id=492"},"modified":"2023-06-14T11:41:15","modified_gmt":"2023-06-14T08:41:15","slug":"carport-solar-montagesysteme","status":"publish","type":"page","link":"https:\/\/www.alugza.de\/en\/carport-solar-montagesysteme\/","title":{"rendered":"Carport Solar Mounting Systems"},"content":{"rendered":"<section class=\"vc_section vc_custom_1686566986596\"><div class=\"vc_row wpb_row row\"><div class=\"vc_column_container col-md-12\"><div class=\"wpb_wrapper vc_column-inner\"><p style=\"font-size: 18px;text-align: center\" class=\"vc_custom_heading\">ALUGZA GmbH, designs and implements concrete-based solar carport projects for shopping malls, factories, residential or commercial buildings, which are suitable for installation in open ground and easy to install.<\/p><p style=\"font-size: 18px;text-align: center\" class=\"vc_custom_heading\">ALUGZA GmbH designs the solar carport system according to the parking requirements of the customers, according to the entry and exit of the vehicles. The goal is to create a project that will ensure uninterrupted continuation of charging for vehicles in the parking area. It is important to design a project that includes solar panels and\/or storage units and charging stations that generate enough energy for the amount and duration of electric charging per vehicle.<\/p><\/div><\/div><\/div><div class=\"vc_row wpb_row row vc_custom_1686566982674\"><div class=\"vc_column_container col-md-4\"><div class=\"wpb_wrapper vc_column-inner\">\n\t<div class=\"wpb_single_image wpb_content_element vc_align_center\"data-appear-animation=\"bounceInLeft\">\n\t\t<div class=\"wpb_wrapper\">\n\t\t\t\n\t\t\t<div class=\"vc_single_image-wrapper vc_box_border  vc_box_border_grey\"><img loading=\"lazy\" decoding=\"async\" width=\"2000\" height=\"1600\" src=\"https:\/\/www.alugza.de\/wp-content\/uploads\/2023\/06\/carparksolar.webp\" class=\"vc_single_image-img attachment-full\" alt=\"\" srcset=\"https:\/\/www.alugza.de\/wp-content\/uploads\/2023\/06\/carparksolar.webp 2000w, https:\/\/www.alugza.de\/wp-content\/uploads\/2023\/06\/carparksolar-1024x819.webp 1024w, https:\/\/www.alugza.de\/wp-content\/uploads\/2023\/06\/carparksolar-768x614.webp 768w, https:\/\/www.alugza.de\/wp-content\/uploads\/2023\/06\/carparksolar-1536x1229.webp 1536w, https:\/\/www.alugza.de\/wp-content\/uploads\/2023\/06\/carparksolar-640x512.webp 640w, https:\/\/www.alugza.de\/wp-content\/uploads\/2023\/06\/carparksolar-400x320.webp 400w, https:\/\/www.alugza.de\/wp-content\/uploads\/2023\/06\/carparksolar-367x294.webp 367w\" sizes=\"auto, (max-width: 2000px) 100vw, 2000px\" \/><\/div>\n\t\t<\/div>\n\t<\/div>\n<\/div><\/div><div class=\"vc_column_container col-md-4\"><div class=\"wpb_wrapper vc_column-inner\">\n\t<div class=\"wpb_single_image wpb_content_element vc_align_center\"data-appear-animation=\"bounceInLeft\" data-appear-animation-delay=\"1000\">\n\t\t<div class=\"wpb_wrapper\">\n\t\t\t\n\t\t\t<div class=\"vc_single_image-wrapper vc_box_border  vc_box_border_grey\"><img loading=\"lazy\" decoding=\"async\" width=\"2000\" height=\"1600\" src=\"https:\/\/www.alugza.de\/wp-content\/uploads\/2023\/06\/carparksolar2.webp\" class=\"vc_single_image-img attachment-full\" alt=\"\" srcset=\"https:\/\/www.alugza.de\/wp-content\/uploads\/2023\/06\/carparksolar2.webp 2000w, https:\/\/www.alugza.de\/wp-content\/uploads\/2023\/06\/carparksolar2-1024x819.webp 1024w, https:\/\/www.alugza.de\/wp-content\/uploads\/2023\/06\/carparksolar2-768x614.webp 768w, https:\/\/www.alugza.de\/wp-content\/uploads\/2023\/06\/carparksolar2-1536x1229.webp 1536w, https:\/\/www.alugza.de\/wp-content\/uploads\/2023\/06\/carparksolar2-640x512.webp 640w, https:\/\/www.alugza.de\/wp-content\/uploads\/2023\/06\/carparksolar2-400x320.webp 400w, https:\/\/www.alugza.de\/wp-content\/uploads\/2023\/06\/carparksolar2-367x294.webp 367w\" sizes=\"auto, (max-width: 2000px) 100vw, 2000px\" \/><\/div>\n\t\t<\/div>\n\t<\/div>\n<\/div><\/div><div class=\"vc_column_container col-md-4\"><div class=\"wpb_wrapper vc_column-inner\">\n\t<div class=\"wpb_single_image wpb_content_element vc_align_center\"data-appear-animation=\"bounceInLeft\" data-appear-animation-delay=\"2000\">\n\t\t<div class=\"wpb_wrapper\">\n\t\t\t\n\t\t\t<div class=\"vc_single_image-wrapper vc_box_border  vc_box_border_grey\"><img loading=\"lazy\" decoding=\"async\" width=\"2000\" height=\"1600\" src=\"https:\/\/www.alugza.de\/wp-content\/uploads\/2023\/06\/carparksolar3.webp\" class=\"vc_single_image-img attachment-full\" alt=\"\" srcset=\"https:\/\/www.alugza.de\/wp-content\/uploads\/2023\/06\/carparksolar3.webp 2000w, https:\/\/www.alugza.de\/wp-content\/uploads\/2023\/06\/carparksolar3-1024x819.webp 1024w, https:\/\/www.alugza.de\/wp-content\/uploads\/2023\/06\/carparksolar3-768x614.webp 768w, https:\/\/www.alugza.de\/wp-content\/uploads\/2023\/06\/carparksolar3-1536x1229.webp 1536w, https:\/\/www.alugza.de\/wp-content\/uploads\/2023\/06\/carparksolar3-640x512.webp 640w, https:\/\/www.alugza.de\/wp-content\/uploads\/2023\/06\/carparksolar3-400x320.webp 400w, https:\/\/www.alugza.de\/wp-content\/uploads\/2023\/06\/carparksolar3-367x294.webp 367w\" sizes=\"auto, (max-width: 2000px) 100vw, 2000px\" \/><\/div>\n\t\t<\/div>\n\t<\/div>\n<\/div><\/div><\/div><\/section>","protected":false},"excerpt":{"rendered":"ALUGZA GmbH, Entwirft und realisiert Solar-Carport-Projekte auf Betonbasis f\u00fcr Einkaufszentren, Fabriken, Wohn- oder Gesch\u00e4ftsh\u00e4user, die sich f\u00fcr die Installation in offenem Gel\u00e4nde eignen und einfach zu installieren sind.Die ALUGZA GmbH konzipiert das Solar-Carport-System nach den Parkanforderungen der Kunden, entsprechend der Ein- und Ausfahrt der Fahrzeuge. Das Ziel ist es, ein Projekt zu erstellen, das die [...]","protected":false},"author":1,"featured_media":0,"parent":0,"menu_order":0,"comment_status":"closed","ping_status":"closed","template":"","meta":{"footnotes":""},"class_list":["post-492","page","type-page","status-publish","hentry"],"_links":{"self":[{"href":"https:\/\/www.alugza.de\/en\/wp-json\/wp\/v2\/pages\/492","targetHints":{"allow":["GET"]}}],"collection":[{"href":"https:\/\/www.alugza.de\/en\/wp-json\/wp\/v2\/pages"}],"about":[{"href":"https:\/\/www.alugza.de\/en\/wp-json\/wp\/v2\/types\/page"}],"author":[{"embeddable":true,"href":"https:\/\/www.alugza.de\/en\/wp-json\/wp\/v2\/users\/1"}],"replies":[{"embeddable":true,"href":"https:\/\/www.alugza.de\/en\/wp-json\/wp\/v2\/comments?post=492"}],"version-history":[{"count":7,"href":"https:\/\/www.alugza.de\/en\/wp-json\/wp\/v2\/pages\/492\/revisions"}],"predecessor-version":[{"id":647,"href":"https:\/\/www.alugza.de\/en\/wp-json\/wp\/v2\/pages\/492\/revisions\/647"}],"wp:attachment":[{"href":"https:\/\/www.alugza.de\/en\/wp-json\/wp\/v2\/media?parent=492"}],"curies":[{"name":"wp","href":"https:\/\/api.w.org\/{rel}","templated":true}]}}